{"id":10,"date":"2026-01-19T09:17:42","date_gmt":"2026-01-19T09:17:42","guid":{"rendered":"https:\/\/noovlo.fr\/?page_id=10"},"modified":"2026-02-05T15:50:13","modified_gmt":"2026-02-05T15:50:13","slug":"a-propos","status":"publish","type":"page","link":"https:\/\/noovlo.fr\/index.php\/a-propos\/","title":{"rendered":"A propos"},"content":{"rendered":"\t\t<div data-elementor-type=\"wp-page\" data-elementor-id=\"10\" class=\"elementor elementor-10\" data-elementor-post-type=\"page\">\n\t\t\t\t<div class=\"elementor-element elementor-element-572d0bb e-flex e-con-boxed e-con e-parent\" data-id=\"572d0bb\" data-element_type=\"container\">\n\t\t\t\t\t<div class=\"e-con-inner\">\n\t\t\t\t\t<\/div>\n\t\t\t\t<\/div>\n\t\t<div class=\"elementor-element elementor-element-e825a02 e-flex e-con-boxed e-con e-parent\" data-id=\"e825a02\" data-element_type=\"container\">\n\t\t\t\t\t<div class=\"e-con-inner\">\n\t\t\t\t<div class=\"elementor-element elementor-element-f701a12 elementor-widget elementor-widget-heading\" data-id=\"f701a12\" data-element_type=\"widget\" data-widget_type=\"heading.default\">\n\t\t\t\t\t<h2 class=\"elementor-heading-title elementor-size-default\">\u00c0 propos<\/h2>\t\t\t\t<\/div>\n\t\t\t\t<div class=\"elementor-element elementor-element-261220b elementor-widget elementor-widget-heading\" data-id=\"261220b\" data-element_type=\"widget\" data-widget_type=\"heading.default\">\n\t\t\t\t\t<h2 class=\"elementor-heading-title elementor-size-default\">Notre histoire<\/h2>\t\t\t\t<\/div>\n\t\t\t\t<div class=\"elementor-element elementor-element-0eec2aa elementor-widget elementor-widget-text-editor\" data-id=\"0eec2aa\" data-element_type=\"widget\" data-widget_type=\"text-editor.default\">\n\t\t\t\t\t\t\t\t\t<p><span style=\"color: #000000;\">L\u2019histoire de\u00a0Noovlo\u00a0commence par une question simple :\u00a0<\/span><br \/><span style=\"color: #000000;\">Pourquoi autant de produits promettent beaucoup\u2026 et apportent si peu ?\u00a0<\/span><\/p><p><span style=\"color: #000000;\">\u00c0 force de voir des produits mal con\u00e7us, peu fiables ou rapidement obsol\u00e8tes, l\u2019envie est n\u00e9e de faire les choses autrement. L\u2019id\u00e9e \u00e9tait claire : cr\u00e9er une marque qui propose des produits utiles, bien pens\u00e9s et r\u00e9ellement efficaces, sans superflu ni promesses exag\u00e9r\u00e9es.\u00a0<\/span><span style=\"color: #000000;\">\u00a0<\/span><\/p>\t\t\t\t\t\t\t\t<\/div>\n\t\t\t\t<div class=\"elementor-element elementor-element-855e3ba elementor-widget elementor-widget-heading\" data-id=\"855e3ba\" data-element_type=\"widget\" data-widget_type=\"heading.default\">\n\t\t\t\t\t<h2 class=\"elementor-heading-title elementor-size-default\">Notre mission<\/h2>\t\t\t\t<\/div>\n\t\t\t\t<div class=\"elementor-element elementor-element-8e2d322 elementor-widget elementor-widget-text-editor\" data-id=\"8e2d322\" data-element_type=\"widget\" data-widget_type=\"text-editor.default\">\n\t\t\t\t\t\t\t\t\t<p><span data-contrast=\"auto\">Chez\u00a0Noovlo, nous croyons que la technologie et les objets du quotidien doivent simplifier la vie, pas la compliquer. Chaque produit est donc d\u00e9velopp\u00e9 selon nos propres standards, avec une attention particuli\u00e8re port\u00e9e \u00e0 la fonctionnalit\u00e9, \u00e0 la durabilit\u00e9 et \u00e0 l\u2019exp\u00e9rience utilisateur.<\/span><span data-ccp-props=\"{}\">\u00a0<\/span><\/p><p><span data-contrast=\"auto\">Notre approche repose sur un principe simple :<\/span>\u00a0<br \/><span data-contrast=\"auto\">Un produit doit avoir une vraie utilit\u00e9, \u00eatre fiable dans le temps et facile \u00e0 utiliser.<\/span><span data-ccp-props=\"{}\">\u00a0<\/span><\/p><p><span data-contrast=\"auto\">Nous travaillons chaque d\u00e9tail avec exigence, depuis la conception jusqu\u2019\u00e0 la mise \u00e0 disposition de nos produits, afin de proposer des solutions pratiques, accessibles et pens\u00e9es pour un usage quotidien. Pas de gadgets inutiles, pas de fausses innovations : uniquement des produits qui r\u00e9pondent \u00e0 un besoin r\u00e9el.<\/span><span data-ccp-props=\"{}\">\u00a0<\/span><\/p><p><span data-contrast=\"auto\">Avec le temps,\u00a0Noovlo\u00a0s\u2019est construite autour d\u2019une vision claire :<\/span>\u00a0<br \/><span data-contrast=\"auto\">concevoir des produits fiables, utiles et honn\u00eates, dans une relation de confiance durable avec nos clients.<\/span><span data-ccp-props=\"{}\">\u00a0<\/span><\/p>\t\t\t\t\t\t\t\t<\/div>\n\t\t\t\t<div class=\"elementor-element elementor-element-9155725 elementor-widget elementor-widget-heading\" data-id=\"9155725\" data-element_type=\"widget\" data-widget_type=\"heading.default\">\n\t\t\t\t\t<h2 class=\"elementor-heading-title elementor-size-default\">Notre relation avec vous<\/h2>\t\t\t\t<\/div>\n\t\t\t\t<div class=\"elementor-element elementor-element-bcd3867 elementor-widget elementor-widget-text-editor\" data-id=\"bcd3867\" data-element_type=\"widget\" data-widget_type=\"text-editor.default\">\n\t\t\t\t\t\t\t\t\t<p><span style=\"color: #000000;\">Pourquoi nos clients nous font confiance\u00a0<\/span><\/p><p><span style=\"color: #000000;\">Nos clients choisissent\u00a0Noovlo\u00a0pour une raison simple : ils savent \u00e0 quoi s\u2019attendre.\u00a0<\/span><\/p><ul><li aria-setsize=\"-1\" data-leveltext=\"\uf0b7\" data-font=\"Symbol\" data-listid=\"1\" data-list-defn-props=\"{&quot;335552541&quot;:1,&quot;335559685&quot;:720,&quot;335559991&quot;:360,&quot;469769226&quot;:&quot;Symbol&quot;,&quot;469769242&quot;:[8226],&quot;469777803&quot;:&quot;left&quot;,&quot;469777804&quot;:&quot;\uf0b7&quot;,&quot;469777815&quot;:&quot;multilevel&quot;}\" data-aria-posinset=\"1\" data-aria-level=\"1\"><span style=\"color: #000000;\">Des produits d\u00e9velopp\u00e9s avec s\u00e9rieux\u00a0<\/span><\/li><\/ul><ul><li aria-setsize=\"-1\" data-leveltext=\"\uf0b7\" data-font=\"Symbol\" data-listid=\"1\" data-list-defn-props=\"{&quot;335552541&quot;:1,&quot;335559685&quot;:720,&quot;335559991&quot;:360,&quot;469769226&quot;:&quot;Symbol&quot;,&quot;469769242&quot;:[8226],&quot;469777803&quot;:&quot;left&quot;,&quot;469777804&quot;:&quot;\uf0b7&quot;,&quot;469777815&quot;:&quot;multilevel&quot;}\" data-aria-posinset=\"2\" data-aria-level=\"1\"><span style=\"color: #000000;\">Des descriptions claires et transparentes\u00a0<\/span><\/li><\/ul><ul><li aria-setsize=\"-1\" data-leveltext=\"\uf0b7\" data-font=\"Symbol\" data-listid=\"1\" data-list-defn-props=\"{&quot;335552541&quot;:1,&quot;335559685&quot;:720,&quot;335559991&quot;:360,&quot;469769226&quot;:&quot;Symbol&quot;,&quot;469769242&quot;:[8226],&quot;469777803&quot;:&quot;left&quot;,&quot;469777804&quot;:&quot;\uf0b7&quot;,&quot;469777815&quot;:&quot;multilevel&quot;}\" data-aria-posinset=\"3\" data-aria-level=\"1\"><span style=\"color: #000000;\">Une exp\u00e9rience d\u2019achat simple et s\u00e9curis\u00e9e\u00a0<\/span><\/li><\/ul><ul><li aria-setsize=\"-1\" data-leveltext=\"\uf0b7\" data-font=\"Symbol\" data-listid=\"1\" data-list-defn-props=\"{&quot;335552541&quot;:1,&quot;335559685&quot;:720,&quot;335559991&quot;:360,&quot;469769226&quot;:&quot;Symbol&quot;,&quot;469769242&quot;:[8226],&quot;469777803&quot;:&quot;left&quot;,&quot;469777804&quot;:&quot;\uf0b7&quot;,&quot;469777815&quot;:&quot;multilevel&quot;}\" data-aria-posinset=\"4\" data-aria-level=\"1\"><span style=\"color: #000000;\">Une garantie satisfait ou rembours\u00e9\u00a0sous 14 jours\u00a0<\/span><\/li><\/ul><p>\u00a0<\/p><p><span style=\"color: #000000;\">Chez\u00a0Noovlo, la satisfaction client n\u2019est pas un argument marketing, c\u2019est un engagement. Nous pr\u00e9f\u00e9rons proposer moins de produits, mais mieux pens\u00e9s, plut\u00f4t que multiplier les r\u00e9f\u00e9rences sans valeur ajout\u00e9e.\u00a0<\/span><\/p><p><span style=\"color: #000000;\">Aujourd\u2019hui,\u00a0Noovlo\u00a0continue d\u2019\u00e9voluer avec la m\u00eame ambition qu\u2019\u00e0 ses d\u00e9buts :\u00a0<\/span><br \/><span style=\"color: #000000;\">Offrir des produits qui tiennent leurs promesses et m\u00e9ritent la confiance qu\u2019on leur accorde.\u00a0<\/span><\/p>\t\t\t\t\t\t\t\t<\/div>\n\t\t\t\t\t<\/div>\n\t\t\t\t<\/div>\n\t\t\t\t<\/div>\n\t\t","protected":false},"excerpt":{"rendered":"<p>\u00c0 propos Notre histoire L\u2019histoire de\u00a0Noovlo\u00a0commence par une question simple :\u00a0Pourquoi autant de produits promettent beaucoup\u2026 et apportent si peu ?\u00a0 \u00c0 force de voir des produits mal con\u00e7us, peu fiables ou rapidement obsol\u00e8tes, l\u2019envie est n\u00e9e de faire les choses autrement. L\u2019id\u00e9e \u00e9tait claire : cr\u00e9er une marque qui propose des produits utiles, bien&hellip;&nbsp;<a href=\"https:\/\/noovlo.fr\/index.php\/a-propos\/\" rel=\"bookmark\"><span class=\"screen-reader-text\">A propos<\/span><\/a><\/p>\n","protected":false},"author":1,"featured_media":0,"parent":0,"menu_order":0,"comment_status":"closed","ping_status":"closed","template":"page-templates\/template-pagebuilder-full-width.php","meta":{"neve_meta_sidebar":"","neve_meta_container":"","neve_meta_enable_content_width":"","neve_meta_content_width":0,"neve_meta_title_alignment":"","neve_meta_author_avatar":"","neve_post_elements_order":"","neve_meta_disable_header":"","neve_meta_disable_footer":"","neve_meta_disable_title":"","footnotes":""},"class_list":["post-10","page","type-page","status-publish","hentry"],"_links":{"self":[{"href":"https:\/\/noovlo.fr\/index.php\/wp-json\/wp\/v2\/pages\/10","targetHints":{"allow":["GET"]}}],"collection":[{"href":"https:\/\/noovlo.fr\/index.php\/wp-json\/wp\/v2\/pages"}],"about":[{"href":"https:\/\/noovlo.fr\/index.php\/wp-json\/wp\/v2\/types\/page"}],"author":[{"embeddable":true,"href":"https:\/\/noovlo.fr\/index.php\/wp-json\/wp\/v2\/users\/1"}],"replies":[{"embeddable":true,"href":"https:\/\/noovlo.fr\/index.php\/wp-json\/wp\/v2\/comments?post=10"}],"version-history":[{"count":10,"href":"https:\/\/noovlo.fr\/index.php\/wp-json\/wp\/v2\/pages\/10\/revisions"}],"predecessor-version":[{"id":1437,"href":"https:\/\/noovlo.fr\/index.php\/wp-json\/wp\/v2\/pages\/10\/revisions\/1437"}],"wp:attachment":[{"href":"https:\/\/noovlo.fr\/index.php\/wp-json\/wp\/v2\/media?parent=10"}],"curies":[{"name":"wp","href":"https:\/\/api.w.org\/{rel}","templated":true}]}}