{"id":21,"date":"2026-01-19T09:57:36","date_gmt":"2026-01-19T09:57:36","guid":{"rendered":"https:\/\/noovlo.fr\/?page_id=21"},"modified":"2026-02-05T15:52:23","modified_gmt":"2026-02-05T15:52:23","slug":"garanti","status":"publish","type":"page","link":"https:\/\/noovlo.fr\/index.php\/garanti\/","title":{"rendered":"Garantie"},"content":{"rendered":"\t\t<div data-elementor-type=\"wp-page\" data-elementor-id=\"21\" class=\"elementor elementor-21\" data-elementor-post-type=\"page\">\n\t\t\t\t<div class=\"elementor-element elementor-element-712a440 e-flex e-con-boxed e-con e-parent\" data-id=\"712a440\" data-element_type=\"container\">\n\t\t\t\t\t<div class=\"e-con-inner\">\n\t\t\t\t\t<\/div>\n\t\t\t\t<\/div>\n\t\t<div class=\"elementor-element elementor-element-203889c e-flex e-con-boxed e-con e-parent\" data-id=\"203889c\" data-element_type=\"container\">\n\t\t\t\t\t<div class=\"e-con-inner\">\n\t\t\t\t<div class=\"elementor-element elementor-element-903df75 elementor-widget elementor-widget-heading\" data-id=\"903df75\" data-element_type=\"widget\" data-widget_type=\"heading.default\">\n\t\t\t\t\t<h2 class=\"elementor-heading-title elementor-size-default\">Garanti satisfait ou rembours\u00e9<\/h2>\t\t\t\t<\/div>\n\t\t\t\t<div class=\"elementor-element elementor-element-b34534b elementor-widget elementor-widget-text-editor\" data-id=\"b34534b\" data-element_type=\"widget\" data-widget_type=\"text-editor.default\">\n\t\t\t\t\t\t\t\t\t<p><span class=\"TextRun SCXW114040980 BCX0\" lang=\"FR-FR\" xml:lang=\"FR-FR\" data-contrast=\"auto\"><span class=\"NormalTextRun SCXW114040980 BCX0\">Chez\u00a0<\/span><span class=\"NormalTextRun SpellingErrorV2Themed SpellingErrorHighlight SCXW114040980 BCX0\">Noovlo<\/span><span class=\"NormalTextRun SCXW114040980 BCX0\">, nous accordons une attention particuli\u00e8re \u00e0 la qualit\u00e9, \u00e0 la fiabilit\u00e9 et \u00e0 l\u2019utilit\u00e9 des produits que nous proposons. Chaque produit est con\u00e7u et fabriqu\u00e9 selon nos standards, avec pour objectif d\u2019offrir une exp\u00e9rience \u00e0 la fois pratique, fiable et durable. Nous sommes convaincus que vous serez pleinement satisfait de votre achat.<\/span><\/span><span class=\"EOP SCXW114040980 BCX0\" data-ccp-props=\"{}\">\u00a0<\/span><\/p>\t\t\t\t\t\t\t\t<\/div>\n\t\t\t\t<div class=\"elementor-element elementor-element-fc60b18 elementor-widget elementor-widget-text-editor\" data-id=\"fc60b18\" data-element_type=\"widget\" data-widget_type=\"text-editor.default\">\n\t\t\t\t\t\t\t\t\t<p><span class=\"TextRun SCXW16153946 BCX0\" lang=\"FR-FR\" xml:lang=\"FR-FR\" data-contrast=\"auto\"><span class=\"NormalTextRun SCXW16153946 BCX0\">Dans cette d\u00e9marche, nous proposons\u00a0<\/span><span class=\"NormalTextRun ContextualSpellingAndGrammarErrorV2Themed SCXW16153946 BCX0\">une garantie satisfait ou rembours\u00e9<\/span><span class=\"NormalTextRun SCXW16153946 BCX0\">, afin de vous permettre de commander en toute confiance.<\/span><\/span><span class=\"EOP SCXW16153946 BCX0\" data-ccp-props=\"{}\">\u00a0<\/span><\/p>\t\t\t\t\t\t\t\t<\/div>\n\t\t\t\t<div class=\"elementor-element elementor-element-682474c elementor-widget elementor-widget-text-editor\" data-id=\"682474c\" data-element_type=\"widget\" data-widget_type=\"text-editor.default\">\n\t\t\t\t\t\t\t\t\t<p><span class=\"TextRun SCXW82179819 BCX0\" lang=\"FR-FR\" xml:lang=\"FR-FR\" data-contrast=\"auto\"><span class=\"NormalTextRun SCXW82179819 BCX0\">Si, pour quelque raison que ce soit, un produit ne r\u00e9pond pas pleinement \u00e0 vos attentes, vous disposez d\u2019un d\u00e9lai de 1<\/span><span class=\"NormalTextRun SCXW82179819 BCX0\">4<\/span><span class=\"NormalTextRun SCXW82179819 BCX0\">\u00a0jours suivant la r\u00e9ception de votre commande pour effectuer une demande de retour et obtenir un remboursement, sous r\u00e9serve du respect des conditions de retour en vigueur.<\/span><\/span><span class=\"EOP SCXW82179819 BCX0\" data-ccp-props=\"{}\">\u00a0<\/span><\/p>\t\t\t\t\t\t\t\t<\/div>\n\t\t\t\t<div class=\"elementor-element elementor-element-150efc0 elementor-widget elementor-widget-text-editor\" data-id=\"150efc0\" data-element_type=\"widget\" data-widget_type=\"text-editor.default\">\n\t\t\t\t\t\t\t\t\t<p><span class=\"TextRun SCXW113860067 BCX0\" lang=\"FR-FR\" xml:lang=\"FR-FR\" data-contrast=\"auto\"><span class=\"NormalTextRun SCXW113860067 BCX0\">Pour initier un retour, il vous suffit de contacter notre service client, qui vous indiquera la proc\u00e9dure \u00e0 suivre. Une fois le produit retourn\u00e9 et contr\u00f4l\u00e9, le remboursement sera trait\u00e9 dans les meilleurs d\u00e9lais, de mani\u00e8re simple et transparente.<\/span><\/span><span class=\"EOP SCXW113860067 BCX0\" data-ccp-props=\"{}\">\u00a0<\/span><\/p>\t\t\t\t\t\t\t\t<\/div>\n\t\t\t\t<div class=\"elementor-element elementor-element-d364819 elementor-widget elementor-widget-text-editor\" data-id=\"d364819\" data-element_type=\"widget\" data-widget_type=\"text-editor.default\">\n\t\t\t\t\t\t\t\t\t<p><span class=\"TextRun SCXW225821454 BCX0\" lang=\"FR-FR\" xml:lang=\"FR-FR\" data-contrast=\"auto\"><span class=\"NormalTextRun SCXW225821454 BCX0\">Chez\u00a0<\/span><span class=\"NormalTextRun SpellingErrorV2Themed SCXW225821454 BCX0\">Noovlo<\/span><span class=\"NormalTextRun SCXW225821454 BCX0\">, nous avons \u00e0 c\u0153ur de proposer des produits pens\u00e9s pour le quotidien et de garantir une exp\u00e9rience d\u2019achat claire, fiable et sans mauvaise surprise. Cette garantie a \u00e9t\u00e9 mise en place pour vous offrir une tranquillit\u00e9 d\u2019esprit totale lors de vos achats.<\/span><\/span><span class=\"EOP SCXW225821454 BCX0\" data-ccp-props=\"{}\">\u00a0<\/span><\/p>\t\t\t\t\t\t\t\t<\/div>\n\t\t\t\t<div class=\"elementor-element elementor-element-5930371 elementor-widget elementor-widget-text-editor\" data-id=\"5930371\" data-element_type=\"widget\" data-widget_type=\"text-editor.default\">\n\t\t\t\t\t\t\t\t\t<p><span class=\"TextRun SCXW60941530 BCX0\" lang=\"FR-FR\" xml:lang=\"FR-FR\" data-contrast=\"auto\"><span class=\"NormalTextRun SCXW60941530 BCX0\">Pour toute question concernant notre politique de remboursement ou notre garantie satisfait ou rembours\u00e9, notre \u00e9quipe reste \u00e0 votre \u00e9coute et se tient disponible pour vous accompagner.<\/span><\/span><span class=\"EOP SCXW60941530 BCX0\" data-ccp-props=\"{}\">\u00a0<\/span><\/p>\t\t\t\t\t\t\t\t<\/div>\n\t\t\t\t\t<\/div>\n\t\t\t\t<\/div>\n\t\t\t\t<\/div>\n\t\t","protected":false},"excerpt":{"rendered":"<p>Garanti satisfait ou rembours\u00e9 Chez\u00a0Noovlo, nous accordons une attention particuli\u00e8re \u00e0 la qualit\u00e9, \u00e0 la fiabilit\u00e9 et \u00e0 l\u2019utilit\u00e9 des produits que nous proposons. Chaque produit est con\u00e7u et fabriqu\u00e9 selon nos standards, avec pour objectif d\u2019offrir une exp\u00e9rience \u00e0 la fois pratique, fiable et durable. Nous sommes convaincus que vous serez pleinement satisfait de&hellip;&nbsp;<a href=\"https:\/\/noovlo.fr\/index.php\/garanti\/\" rel=\"bookmark\"><span class=\"screen-reader-text\">Garantie<\/span><\/a><\/p>\n","protected":false},"author":1,"featured_media":0,"parent":0,"menu_order":0,"comment_status":"closed","ping_status":"closed","template":"page-templates\/template-pagebuilder-full-width.php","meta":{"neve_meta_sidebar":"","neve_meta_container":"","neve_meta_enable_content_width":"","neve_meta_content_width":0,"neve_meta_title_alignment":"","neve_meta_author_avatar":"","neve_post_elements_order":"","neve_meta_disable_header":"","neve_meta_disable_footer":"","neve_meta_disable_title":"","footnotes":""},"class_list":["post-21","page","type-page","status-publish","hentry"],"_links":{"self":[{"href":"https:\/\/noovlo.fr\/index.php\/wp-json\/wp\/v2\/pages\/21","targetHints":{"allow":["GET"]}}],"collection":[{"href":"https:\/\/noovlo.fr\/index.php\/wp-json\/wp\/v2\/pages"}],"about":[{"href":"https:\/\/noovlo.fr\/index.php\/wp-json\/wp\/v2\/types\/page"}],"author":[{"embeddable":true,"href":"https:\/\/noovlo.fr\/index.php\/wp-json\/wp\/v2\/users\/1"}],"replies":[{"embeddable":true,"href":"https:\/\/noovlo.fr\/index.php\/wp-json\/wp\/v2\/comments?post=21"}],"version-history":[{"count":17,"href":"https:\/\/noovlo.fr\/index.php\/wp-json\/wp\/v2\/pages\/21\/revisions"}],"predecessor-version":[{"id":1441,"href":"https:\/\/noovlo.fr\/index.php\/wp-json\/wp\/v2\/pages\/21\/revisions\/1441"}],"wp:attachment":[{"href":"https:\/\/noovlo.fr\/index.php\/wp-json\/wp\/v2\/media?parent=21"}],"curies":[{"name":"wp","href":"https:\/\/api.w.org\/{rel}","templated":true}]}}