{"id":23,"date":"2026-01-19T10:03:23","date_gmt":"2026-01-19T10:03:23","guid":{"rendered":"https:\/\/noovlo.fr\/?page_id=23"},"modified":"2026-02-05T15:14:23","modified_gmt":"2026-02-05T15:14:23","slug":"livraison","status":"publish","type":"page","link":"https:\/\/noovlo.fr\/index.php\/livraison\/","title":{"rendered":"Livraison"},"content":{"rendered":"\t\t<div data-elementor-type=\"wp-page\" data-elementor-id=\"23\" class=\"elementor elementor-23\" data-elementor-post-type=\"page\">\n\t\t\t\t<div class=\"elementor-element elementor-element-75ef552 e-flex e-con-boxed e-con e-parent\" data-id=\"75ef552\" data-element_type=\"container\">\n\t\t\t\t\t<div class=\"e-con-inner\">\n\t\t\t\t\t<\/div>\n\t\t\t\t<\/div>\n\t\t<div class=\"elementor-element elementor-element-3bacfdd e-flex e-con-boxed e-con e-parent\" data-id=\"3bacfdd\" data-element_type=\"container\">\n\t\t\t\t\t<div class=\"e-con-inner\">\n\t\t\t\t<div class=\"elementor-element elementor-element-66b374b elementor-widget elementor-widget-heading\" data-id=\"66b374b\" data-element_type=\"widget\" data-widget_type=\"heading.default\">\n\t\t\t\t\t<h2 class=\"elementor-heading-title elementor-size-default\">Politique de retour<\/h2>\t\t\t\t<\/div>\n\t\t\t\t<div class=\"elementor-element elementor-element-7487210 elementor-widget elementor-widget-text-editor\" data-id=\"7487210\" data-element_type=\"widget\" data-widget_type=\"text-editor.default\">\n\t\t\t\t\t\t\t\t\t<p><span class=\"TextRun SCXW36331265 BCX0\" lang=\"FR-FR\" xml:lang=\"FR-FR\" data-contrast=\"auto\"><span class=\"NormalTextRun SCXW36331265 BCX0\">La Politique de retour\u00a0<\/span><span class=\"NormalTextRun SpellingErrorV2Themed SCXW36331265 BCX0\">Noovlo<\/span><span class=\"NormalTextRun SCXW36331265 BCX0\">\u00a0a pour objectif d\u2019offrir \u00e0 nos clients une exp\u00e9rience d\u2019achat simple, transparente et sereine. Elle d\u00e9finit les conditions dans lesquelles un produit peut \u00eatre retourn\u00e9 afin d\u2019obtenir un remboursement, conform\u00e9ment aux modalit\u00e9s d\u00e9crites ci-dessous.<\/span><\/span><span class=\"EOP SCXW36331265 BCX0\" data-ccp-props=\"{}\">\u00a0<\/span><\/p>\t\t\t\t\t\t\t\t<\/div>\n\t\t\t\t<div class=\"elementor-element elementor-element-9113879 elementor-widget elementor-widget-text-editor\" data-id=\"9113879\" data-element_type=\"widget\" data-widget_type=\"text-editor.default\">\n\t\t\t\t\t\t\t\t\t<p><span class=\"TextRun SCXW236680752 BCX0\" lang=\"FR-FR\" xml:lang=\"FR-FR\" data-contrast=\"auto\"><span class=\"NormalTextRun SCXW236680752 BCX0\">Cette politique compl\u00e8te le droit l\u00e9gal de r\u00e9tractation, sans s\u2019y substituer. Conform\u00e9ment \u00e0 la r\u00e9glementation en vigueur, le client dispose d\u2019un d\u00e9lai de quatorze (14) jours calendaires \u00e0 compter de la r\u00e9ception du produit pour exercer son droit de r\u00e9tractation.<\/span><\/span><span class=\"EOP SCXW236680752 BCX0\" data-ccp-props=\"{}\">\u00a0<\/span><\/p>\t\t\t\t\t\t\t\t<\/div>\n\t\t\t\t<div class=\"elementor-element elementor-element-b162ae7 elementor-widget elementor-widget-text-editor\" data-id=\"b162ae7\" data-element_type=\"widget\" data-widget_type=\"text-editor.default\">\n\t\t\t\t\t\t\t\t\t<p><span data-contrast=\"auto\">En pratique, cela signifie que :<\/span><span data-ccp-props=\"{}\">\u00a0<\/span><\/p><ul><li aria-setsize=\"-1\" data-leveltext=\"\uf0b7\" data-font=\"Symbol\" data-listid=\"1\" data-list-defn-props=\"{&quot;335552541&quot;:1,&quot;335559685&quot;:720,&quot;335559991&quot;:360,&quot;469769226&quot;:&quot;Symbol&quot;,&quot;469769242&quot;:[8226],&quot;469777803&quot;:&quot;left&quot;,&quot;469777804&quot;:&quot;\uf0b7&quot;,&quot;469777815&quot;:&quot;multilevel&quot;}\" data-aria-posinset=\"1\" data-aria-level=\"1\"><span data-contrast=\"auto\">Entre le 1er et le 14<\/span><span data-contrast=\"auto\">\u1d49<\/span><span data-contrast=\"auto\">\u00a0jour suivant la r\u00e9ception de votre commande, vous pouvez exercer votre droit l\u00e9gal de r\u00e9tractation.<\/span>\u00a0<br \/><span data-contrast=\"auto\">Les conditions pr\u00e9vues dans les Conditions G\u00e9n\u00e9rales de Vente (CGV) de\u00a0Noovlo\u00a0s\u2019appliquent alors.<\/span><span data-ccp-props=\"{}\">\u00a0<\/span><\/li><\/ul><ul><li aria-setsize=\"-1\" data-leveltext=\"\uf0b7\" data-font=\"Symbol\" data-listid=\"1\" data-list-defn-props=\"{&quot;335552541&quot;:1,&quot;335559685&quot;:720,&quot;335559991&quot;:360,&quot;469769226&quot;:&quot;Symbol&quot;,&quot;469769242&quot;:[8226],&quot;469777803&quot;:&quot;left&quot;,&quot;469777804&quot;:&quot;\uf0b7&quot;,&quot;469777815&quot;:&quot;multilevel&quot;}\" data-aria-posinset=\"2\" data-aria-level=\"1\"><span data-contrast=\"auto\">Au-del\u00e0 de ce d\u00e9lai, le droit de r\u00e9tractation ne s\u2019applique plus. Les retours sont alors encadr\u00e9s par la pr\u00e9sente Politique de retour, selon les conditions pr\u00e9cis\u00e9es ci-apr\u00e8s.<\/span><span data-ccp-props=\"{}\">\u00a0<\/span><\/li><\/ul>\t\t\t\t\t\t\t\t<\/div>\n\t\t\t\t<div class=\"elementor-element elementor-element-6908846 elementor-widget elementor-widget-text-editor\" data-id=\"6908846\" data-element_type=\"widget\" data-widget_type=\"text-editor.default\">\n\t\t\t\t\t\t\t\t\t<p><span class=\"TextRun SCXW206889762 BCX0\" lang=\"FR-FR\" xml:lang=\"FR-FR\" data-contrast=\"auto\"><span class=\"NormalTextRun SCXW206889762 BCX0\">Chez\u00a0<\/span><span class=\"NormalTextRun SpellingErrorV2Themed SCXW206889762 BCX0\">Noovlo<\/span><span class=\"NormalTextRun SCXW206889762 BCX0\">, nous pla\u00e7ons la satisfaction client au c\u0153ur de notre engagement et veillons \u00e0 proposer des r\u00e8gles claires, justes et faciles \u00e0 comprendre.<\/span><\/span><span class=\"EOP SCXW206889762 BCX0\" data-ccp-props=\"{}\">\u00a0<\/span><\/p>\t\t\t\t\t\t\t\t<\/div>\n\t\t\t\t\t<\/div>\n\t\t\t\t<\/div>\n\t\t\t\t<\/div>\n\t\t","protected":false},"excerpt":{"rendered":"<p>Politique de retour La Politique de retour\u00a0Noovlo\u00a0a pour objectif d\u2019offrir \u00e0 nos clients une exp\u00e9rience d\u2019achat simple, transparente et sereine. Elle d\u00e9finit les conditions dans lesquelles un produit peut \u00eatre retourn\u00e9 afin d\u2019obtenir un remboursement, conform\u00e9ment aux modalit\u00e9s d\u00e9crites ci-dessous.\u00a0 Cette politique compl\u00e8te le droit l\u00e9gal de r\u00e9tractation, sans s\u2019y substituer. Conform\u00e9ment \u00e0 la r\u00e9glementation&hellip;&nbsp;<a href=\"https:\/\/noovlo.fr\/index.php\/livraison\/\" rel=\"bookmark\"><span class=\"screen-reader-text\">Livraison<\/span><\/a><\/p>\n","protected":false},"author":1,"featured_media":0,"parent":0,"menu_order":0,"comment_status":"closed","ping_status":"closed","template":"page-templates\/template-pagebuilder-full-width.php","meta":{"neve_meta_sidebar":"","neve_meta_container":"","neve_meta_enable_content_width":"","neve_meta_content_width":0,"neve_meta_title_alignment":"","neve_meta_author_avatar":"","neve_post_elements_order":"","neve_meta_disable_header":"","neve_meta_disable_footer":"","neve_meta_disable_title":"","footnotes":""},"class_list":["post-23","page","type-page","status-publish","hentry"],"_links":{"self":[{"href":"https:\/\/noovlo.fr\/index.php\/wp-json\/wp\/v2\/pages\/23","targetHints":{"allow":["GET"]}}],"collection":[{"href":"https:\/\/noovlo.fr\/index.php\/wp-json\/wp\/v2\/pages"}],"about":[{"href":"https:\/\/noovlo.fr\/index.php\/wp-json\/wp\/v2\/types\/page"}],"author":[{"embeddable":true,"href":"https:\/\/noovlo.fr\/index.php\/wp-json\/wp\/v2\/users\/1"}],"replies":[{"embeddable":true,"href":"https:\/\/noovlo.fr\/index.php\/wp-json\/wp\/v2\/comments?post=23"}],"version-history":[{"count":7,"href":"https:\/\/noovlo.fr\/index.php\/wp-json\/wp\/v2\/pages\/23\/revisions"}],"predecessor-version":[{"id":1415,"href":"https:\/\/noovlo.fr\/index.php\/wp-json\/wp\/v2\/pages\/23\/revisions\/1415"}],"wp:attachment":[{"href":"https:\/\/noovlo.fr\/index.php\/wp-json\/wp\/v2\/media?parent=23"}],"curies":[{"name":"wp","href":"https:\/\/api.w.org\/{rel}","templated":true}]}}