{"id":390,"date":"2026-01-21T10:30:15","date_gmt":"2026-01-21T10:30:15","guid":{"rendered":"https:\/\/noovlo.fr\/?post_type=product&#038;p=390"},"modified":"2026-01-28T13:21:28","modified_gmt":"2026-01-28T13:21:28","slug":"carplay","status":"publish","type":"product","link":"https:\/\/noovlo.fr\/index.php\/produit\/carplay\/","title":{"rendered":"Carplay"},"content":{"rendered":"<p data-start=\"202\" data-end=\"414\">Transformez votre exp\u00e9rience de conduite avec ce <strong data-start=\"251\" data-end=\"279\">bo\u00eetier CarPlay sans fil<\/strong> ultra-compact. Il vous permet de connecter votre <strong data-start=\"329\" data-end=\"364\">iPhone ou smartphone compatible<\/strong> \u00e0 l\u2019\u00e9cran de votre v\u00e9hicule <strong data-start=\"393\" data-end=\"413\">sans aucun c\u00e2ble<\/strong>.<\/p>\n<p data-start=\"416\" data-end=\"648\">Il suffit de brancher le bo\u00eetier sur le port USB de votre voiture compatible CarPlay, puis de connecter votre t\u00e9l\u00e9phone une premi\u00e8re fois. Ensuite, la connexion se fait <strong data-start=\"585\" data-end=\"616\">automatiquement et sans fil<\/strong> \u00e0 chaque d\u00e9marrage du v\u00e9hicule.<\/p>\n","protected":false},"excerpt":{"rendered":"<ul>\n<li>Compatible avec la majorit\u00e9 des v\u00e9hicules<\/li>\n<li>Connexion sans fil automatique (Bluetooth \/ Wi-Fi)<\/li>\n<li>Installation en quelques secondes<\/li>\n<\/ul>\n","protected":false},"featured_media":58,"comment_status":"open","ping_status":"closed","template":"","meta":{"neve_meta_sidebar":"","neve_meta_container":"","neve_meta_enable_content_width":"off","neve_meta_content_width":100,"neve_meta_title_alignment":"","neve_meta_author_avatar":"","neve_post_elements_order":"","neve_meta_disable_header":"","neve_meta_disable_footer":"","neve_meta_disable_title":""},"product_brand":[],"product_cat":[24,22],"product_tag":[27,26,28,25],"class_list":{"0":"post-390","1":"product","2":"type-product","3":"status-publish","4":"has-post-thumbnail","6":"product_cat-carplay","7":"product_cat-non-classe","8":"product_tag-bluetooth","9":"product_tag-carplay","10":"product_tag-connexion","11":"product_tag-voiture","12":"pa_nbcar-1-vehicule","13":"pa_nbcar-2-vehicules-economisez-10","14":"pa_nbcar-3-vehicules-economisez-22","16":"first","17":"instock","18":"shipping-taxable","19":"purchasable","20":"product-type-variable"},"_links":{"self":[{"href":"https:\/\/noovlo.fr\/index.php\/wp-json\/wp\/v2\/product\/390","targetHints":{"allow":["GET"]}}],"collection":[{"href":"https:\/\/noovlo.fr\/index.php\/wp-json\/wp\/v2\/product"}],"about":[{"href":"https:\/\/noovlo.fr\/index.php\/wp-json\/wp\/v2\/types\/product"}],"replies":[{"embeddable":true,"href":"https:\/\/noovlo.fr\/index.php\/wp-json\/wp\/v2\/comments?post=390"}],"wp:featuredmedia":[{"embeddable":true,"href":"https:\/\/noovlo.fr\/index.php\/wp-json\/wp\/v2\/media\/58"}],"wp:attachment":[{"href":"https:\/\/noovlo.fr\/index.php\/wp-json\/wp\/v2\/media?parent=390"}],"wp:term":[{"taxonomy":"product_brand","embeddable":true,"href":"https:\/\/noovlo.fr\/index.php\/wp-json\/wp\/v2\/product_brand?post=390"},{"taxonomy":"product_cat","embeddable":true,"href":"https:\/\/noovlo.fr\/index.php\/wp-json\/wp\/v2\/product_cat?post=390"},{"taxonomy":"product_tag","embeddable":true,"href":"https:\/\/noovlo.fr\/index.php\/wp-json\/wp\/v2\/product_tag?post=390"}],"curies":[{"name":"wp","href":"https:\/\/api.w.org\/{rel}","templated":true}]}}